{"id":1273,"date":"2016-01-11T12:50:37","date_gmt":"2016-01-11T11:50:37","guid":{"rendered":"http:\/\/greengrowsci.com\/?page_id=1273"},"modified":"2016-05-09T13:46:34","modified_gmt":"2016-05-09T13:46:34","slug":"order_slides","status":"publish","type":"page","link":"http:\/\/m.greengrowscience.fr\/index.php\/order_slides\/","title":{"rendered":"order_slides"},"content":{"rendered":"<div id=\"pl-1273\"  class=\"panel-layout\" ><div id=\"pg-1273-0\"  class=\"panel-grid panel-has-style\" ><div style=\"padding: 100px 0; \" class=\"panel-row-style panel-row-style-for-1273-0\" ><div id=\"pgc-1273-0-0\"  class=\"panel-grid-cell\" ><div id=\"panel-1273-0-0-0\" class=\"so-panel widget widget_sow-image panel-first-child panel-last-child\" data-index=\"0\" ><div\n\t\t\t\n\t\t\tclass=\"so-widget-sow-image so-widget-sow-image-default-c67d20f9f743-1273\"\n\t\t\t\n\t\t>\n<div class=\"sow-image-container\">\n\t\t<img \n\tsrc=\"http:\/\/m.greengrowscience.fr\/wp-content\/uploads\/2016\/05\/160422_team.png\" width=\"425\" height=\"425\" srcset=\"http:\/\/m.greengrowscience.fr\/wp-content\/uploads\/2016\/05\/160422_team.png 425w, http:\/\/m.greengrowscience.fr\/wp-content\/uploads\/2016\/05\/160422_team-150x150.png 150w, http:\/\/m.greengrowscience.fr\/wp-content\/uploads\/2016\/05\/160422_team-300x300.png 300w, http:\/\/m.greengrowscience.fr\/wp-content\/uploads\/2016\/05\/160422_team-240x240.png 240w, http:\/\/m.greengrowscience.fr\/wp-content\/uploads\/2016\/05\/160422_team-230x230.png 230w, http:\/\/m.greengrowscience.fr\/wp-content\/uploads\/2016\/05\/160422_team-350x350.png 350w\" sizes=\"(max-width: 425px) 100vw, 425px\" alt=\"Pr\u00e9sentations\" loading=\"lazy\" \t\tclass=\"so-widget-image\"\/>\n\t<\/div>\n\n<\/div><\/div><\/div><\/div><\/div><div id=\"pg-1273-1\"  class=\"panel-grid panel-has-style\" ><div style=\"padding: 0px 0; \" class=\"panel-row-style panel-row-style-for-1273-1\" ><div id=\"pgc-1273-1-0\"  class=\"panel-grid-cell panel-grid-cell-empty\" ><\/div><div id=\"pgc-1273-1-1\"  class=\"panel-grid-cell panel-grid-cell-mobile-last\" ><div id=\"panel-1273-1-1-0\" class=\"so-panel widget widget_sow-editor panel-first-child panel-last-child\" data-index=\"1\" ><div\n\t\t\t\n\t\t\tclass=\"so-widget-sow-editor so-widget-sow-editor-base\"\n\t\t\t\n\t\t><h3 class=\"widget-title\">DIAPOSITIVES<\/h3>\n<div class=\"siteorigin-widget-tinymce textwidget\">\n\t<h4> &nbsp; <\/h4> \n<p style=\"text-align: justify\"> Appuyez votre discours avec des diapositives int\u00e9ressantes et claires. La mise en page des diapositives et le choix des mots sont essentiels pour atteindre ces objectifs.  <\/p>\n<p style=\"text-align: justify;\"> Si vous souhaitez am\u00e9liorer le discours lui-m\u00eame, sachez que nous proposons aussi des <a href=\"http:\/\/m.greengrowscience.fr\/index.php\/order_prescoach\/\"> cours d'anglais \u00e0 l'oral<\/a>.<\/p><\/div>\n<\/div><\/div><\/div><div id=\"pgc-1273-1-2\"  class=\"panel-grid-cell panel-grid-cell-empty\" ><\/div><\/div><\/div><div id=\"pg-1273-2\"  class=\"panel-grid panel-has-style\" ><div style=\"text-align: center;padding: 25px 0; \" class=\"panel-row-style panel-row-style-for-1273-2\" ><div id=\"pgc-1273-2-0\"  class=\"panel-grid-cell panel-grid-cell-empty\" ><\/div><div id=\"pgc-1273-2-1\"  class=\"panel-grid-cell panel-grid-cell-mobile-last\" ><div id=\"panel-1273-2-1-0\" class=\"so-panel widget widget_text panel-first-child panel-last-child\" data-index=\"2\" >\t\t\t<div class=\"textwidget\">[CP_CALCULATED_FIELDS id=\"30\"]<\/div>\n\t\t<\/div><\/div><div id=\"pgc-1273-2-2\"  class=\"panel-grid-cell panel-grid-cell-empty\" ><\/div><\/div><\/div><div id=\"pg-1273-3\"  class=\"panel-grid panel-has-style\" ><div class=\"siteorigin-panels-stretch sydney-stretch panel-row-style panel-row-style-for-1273-3\" style=\"padding: 100px 0; \" data-stretch-type=\"full\" ><div id=\"pgc-1273-3-0\"  class=\"panel-grid-cell\" ><div id=\"panel-1273-3-0-0\" class=\"so-panel widget widget_sydney_employees sydney_employees_widget panel-first-child panel-last-child\" data-index=\"3\" >\n\t\t<h3 class=\"widget-title\">TOUS NOS SERVICES POUR LES PR\u00c9SENTATIONS<\/h3>\n\t\t<div class=\"roll-team carousel owl-carousel\">\n\t\t\t\t\t\t\t\t\t\t<div class=\"team-item\">\n\t\t\t    <div class=\"team-inner\">\n\t\t\t        <div class=\"pop-overlay\">\n\t\t\t\t    <a href=\"http:\/\/m.greengrowscience.fr\/index.php\/order_prescoach\">\n\t\t\t            <div class=\"team-pop\">\n\t\t\t                <div class=\"team-info\">\n\t\t\t\t\t\t\t\t<div class=\"name\">Anglais scientifique \u00e0  l&rsquo;oral<\/div>\n\t\t\t\t\t\t\t\t<div class=\"pos\">50 \u20ac\/h<\/div>\n\t\t\t\t\t\t\t\t<ul class=\"team-social\">\n\t\t\t\t\t\t\t\t\t\t\t\t\t\t\t\t\t\t\t\t\t\t\t\t\t\t\t\t\t\t\t\t\t\t\t<\/ul>\n\t\t\t                <\/div>\n\t\t\t            <\/div>\n\t\t\t\t    <\/a>\n\t\t\t        <\/div>\n\t\t\t\t\t\t\t\t\t\t<div class=\"avatar\">\n\t\t\t\t\t\t<img width=\"425\" height=\"400\" src=\"http:\/\/m.greengrowscience.fr\/wp-content\/uploads\/2016\/01\/fa-microphone_125_150_007f02_none-425x400.png\" class=\"attachment-sydney-medium-thumb size-sydney-medium-thumb wp-post-image\" alt=\"Anglais scientifique \u00e0 l&#039;oral\" loading=\"lazy\" \/>\t\t\t\t\t<\/div>\n\t\t\t\t\t\t\t\t    <\/div>\n\t\t\t    <div class=\"team-content\">\n\t\t\t        <div class=\"name\">\n\t\t\t        \t\t\t\t        \t\t<a href=\"http:\/\/m.greengrowscience.fr\/index.php\/order_prescoach\">Anglais scientifique \u00e0  l&rsquo;oral<\/a>\n\t\t\t        \t\t\t\t        <\/div>\n\t\t\t        <div class=\"pos\">50 \u20ac\/h<\/div>\n\t\t\t    <\/div>\n\t\t\t<\/div><!-- \/.team-item -->\n\n\t\t\t\t\t\t\t\t\t\t<div class=\"team-item\">\n\t\t\t    <div class=\"team-inner\">\n\t\t\t        <div class=\"pop-overlay\">\n\t\t\t\t    <a href=\"http:\/\/m.greengrowscience.fr\/index.php\/order_slides\">\n\t\t\t            <div class=\"team-pop\">\n\t\t\t                <div class=\"team-info\">\n\t\t\t\t\t\t\t\t<div class=\"name\">Diapositives<\/div>\n\t\t\t\t\t\t\t\t<div class=\"pos\">5\u201312 \u20ac par diapo<\/div>\n\t\t\t\t\t\t\t\t<ul class=\"team-social\">\n\t\t\t\t\t\t\t\t\t\t\t\t\t\t\t\t\t\t\t\t\t\t\t\t\t\t\t\t\t\t\t\t\t\t\t<\/ul>\n\t\t\t                <\/div>\n\t\t\t            <\/div>\n\t\t\t\t    <\/a>\n\t\t\t        <\/div>\n\t\t\t\t\t\t\t\t\t\t<div class=\"avatar\">\n\t\t\t\t\t\t<img width=\"425\" height=\"400\" src=\"http:\/\/m.greengrowscience.fr\/wp-content\/uploads\/2016\/01\/fa-file-powerpoint-o_125_150_007f02_none-425x400.png\" class=\"attachment-sydney-medium-thumb size-sydney-medium-thumb wp-post-image\" alt=\"Diapositives\" loading=\"lazy\" \/>\t\t\t\t\t<\/div>\n\t\t\t\t\t\t\t\t    <\/div>\n\t\t\t    <div class=\"team-content\">\n\t\t\t        <div class=\"name\">\n\t\t\t        \t\t\t\t        \t\t<a href=\"http:\/\/m.greengrowscience.fr\/index.php\/order_slides\">Diapositives<\/a>\n\t\t\t        \t\t\t\t        <\/div>\n\t\t\t        <div class=\"pos\">5\u201312 \u20ac par diapo<\/div>\n\t\t\t    <\/div>\n\t\t\t<\/div><!-- \/.team-item -->\n\n\t\t\t\t\t\t\t\t\t\t<div class=\"team-item\">\n\t\t\t    <div class=\"team-inner\">\n\t\t\t        <div class=\"pop-overlay\">\n\t\t\t\t    <a href=\"http:\/\/m.greengrowscience.fr\/index.php\/quote_figures\">\n\t\t\t            <div class=\"team-pop\">\n\t\t\t                <div class=\"team-info\">\n\t\t\t\t\t\t\t\t<div class=\"name\">Figures<\/div>\n\t\t\t\t\t\t\t\t<div class=\"pos\">sur devis<\/div>\n\t\t\t\t\t\t\t\t<ul class=\"team-social\">\n\t\t\t\t\t\t\t\t\t\t\t\t\t\t\t\t\t\t\t\t\t\t\t\t\t\t\t\t\t\t\t\t\t\t\t<\/ul>\n\t\t\t                <\/div>\n\t\t\t            <\/div>\n\t\t\t\t    <\/a>\n\t\t\t        <\/div>\n\t\t\t\t\t\t\t\t\t\t<div class=\"avatar\">\n\t\t\t\t\t\t<img width=\"425\" height=\"400\" src=\"http:\/\/m.greengrowscience.fr\/wp-content\/uploads\/2016\/01\/octicon-graph_125_150_007f02_none-425x400.png\" class=\"attachment-sydney-medium-thumb size-sydney-medium-thumb wp-post-image\" alt=\"Figures\" loading=\"lazy\" \/>\t\t\t\t\t<\/div>\n\t\t\t\t\t\t\t\t    <\/div>\n\t\t\t    <div class=\"team-content\">\n\t\t\t        <div class=\"name\">\n\t\t\t        \t\t\t\t        \t\t<a href=\"http:\/\/m.greengrowscience.fr\/index.php\/quote_figures\">Figures<\/a>\n\t\t\t        \t\t\t\t        <\/div>\n\t\t\t        <div class=\"pos\">sur devis<\/div>\n\t\t\t    <\/div>\n\t\t\t<\/div><!-- \/.team-item -->\n\n\t\t\t\t\t\t\t\t\t\t<div class=\"team-item\">\n\t\t\t    <div class=\"team-inner\">\n\t\t\t        <div class=\"pop-overlay\">\n\t\t\t\t    <a href=\"http:\/\/m.greengrowscience.fr\/index.php\/order_poster\">\n\t\t\t            <div class=\"team-pop\">\n\t\t\t                <div class=\"team-info\">\n\t\t\t\t\t\t\t\t<div class=\"name\">Posters<\/div>\n\t\t\t\t\t\t\t\t<div class=\"pos\">100\u2013175 \u20ac par poster<\/div>\n\t\t\t\t\t\t\t\t<ul class=\"team-social\">\n\t\t\t\t\t\t\t\t\t\t\t\t\t\t\t\t\t\t\t\t\t\t\t\t\t\t\t\t\t\t\t\t\t\t\t<\/ul>\n\t\t\t                <\/div>\n\t\t\t            <\/div>\n\t\t\t\t    <\/a>\n\t\t\t        <\/div>\n\t\t\t\t\t\t\t\t\t\t<div class=\"avatar\">\n\t\t\t\t\t\t<img width=\"425\" height=\"400\" src=\"http:\/\/m.greengrowscience.fr\/wp-content\/uploads\/2016\/01\/007f02_none-425x400.png\" class=\"attachment-sydney-medium-thumb size-sydney-medium-thumb wp-post-image\" alt=\"Posters\" loading=\"lazy\" \/>\t\t\t\t\t<\/div>\n\t\t\t\t\t\t\t\t    <\/div>\n\t\t\t    <div class=\"team-content\">\n\t\t\t        <div class=\"name\">\n\t\t\t        \t\t\t\t        \t\t<a href=\"http:\/\/m.greengrowscience.fr\/index.php\/order_poster\">Posters<\/a>\n\t\t\t        \t\t\t\t        <\/div>\n\t\t\t        <div class=\"pos\">100\u2013175 \u20ac par poster<\/div>\n\t\t\t    <\/div>\n\t\t\t<\/div><!-- \/.team-item -->\n\n\t\t\t\t\t<\/div>\n\n\t\t\t\n\t\n\t<\/div><\/div><\/div><\/div><\/div>","protected":false},"excerpt":{"rendered":"<p>&nbsp; Appuyez votre discours avec des diapositives int\u00e9ressantes et claires. La mise en page des diapositives et le choix des mots sont essentiels pour atteindre ces objectifs. Si vous souhaitez am\u00e9liorer le discours lui-m\u00eame, sachez que nous proposons aussi des cours d&rsquo;anglais \u00e0 l&rsquo;oral.<\/p>\n","protected":false},"author":6,"featured_media":0,"parent":0,"menu_order":0,"comment_status":"closed","ping_status":"closed","template":"page-templates\/page_front-page.php","meta":[],"_links":{"self":[{"href":"http:\/\/m.greengrowscience.fr\/index.php\/wp-json\/wp\/v2\/pages\/1273"}],"collection":[{"href":"http:\/\/m.greengrowscience.fr\/index.php\/wp-json\/wp\/v2\/pages"}],"about":[{"href":"http:\/\/m.greengrowscience.fr\/index.php\/wp-json\/wp\/v2\/types\/page"}],"author":[{"embeddable":true,"href":"http:\/\/m.greengrowscience.fr\/index.php\/wp-json\/wp\/v2\/users\/6"}],"replies":[{"embeddable":true,"href":"http:\/\/m.greengrowscience.fr\/index.php\/wp-json\/wp\/v2\/comments?post=1273"}],"version-history":[{"count":9,"href":"http:\/\/m.greengrowscience.fr\/index.php\/wp-json\/wp\/v2\/pages\/1273\/revisions"}],"predecessor-version":[{"id":2413,"href":"http:\/\/m.greengrowscience.fr\/index.php\/wp-json\/wp\/v2\/pages\/1273\/revisions\/2413"}],"wp:attachment":[{"href":"http:\/\/m.greengrowscience.fr\/index.php\/wp-json\/wp\/v2\/media?parent=1273"}],"curies":[{"name":"wp","href":"https:\/\/api.w.org\/{rel}","templated":true}]}}