{"id":1289,"date":"2016-01-11T15:07:57","date_gmt":"2016-01-11T14:07:57","guid":{"rendered":"http:\/\/greengrowsci.com\/?page_id=1289"},"modified":"2016-05-09T13:55:49","modified_gmt":"2016-05-09T13:55:49","slug":"quote_writing","status":"publish","type":"page","link":"http:\/\/m.greengrowscience.fr\/index.php\/quote_writing\/","title":{"rendered":"quote_writing"},"content":{"rendered":"<div id=\"pl-1289\"  class=\"panel-layout\" ><div id=\"pg-1289-0\"  class=\"panel-grid panel-has-style\" ><div style=\"padding: 100px 0; \" class=\"panel-row-style panel-row-style-for-1289-0\" ><div id=\"pgc-1289-0-0\"  class=\"panel-grid-cell\" ><div id=\"panel-1289-0-0-0\" class=\"so-panel widget widget_sow-image panel-first-child panel-last-child\" data-index=\"0\" ><div\n\t\t\t\n\t\t\tclass=\"so-widget-sow-image so-widget-sow-image-default-c67d20f9f743-1289\"\n\t\t\t\n\t\t>\n<div class=\"sow-image-container\">\n\t\t<img \n\tsrc=\"http:\/\/m.greengrowscience.fr\/wp-content\/uploads\/2016\/05\/160422_editing.png\" width=\"425\" height=\"425\" srcset=\"http:\/\/m.greengrowscience.fr\/wp-content\/uploads\/2016\/05\/160422_editing.png 425w, http:\/\/m.greengrowscience.fr\/wp-content\/uploads\/2016\/05\/160422_editing-150x150.png 150w, http:\/\/m.greengrowscience.fr\/wp-content\/uploads\/2016\/05\/160422_editing-300x300.png 300w, http:\/\/m.greengrowscience.fr\/wp-content\/uploads\/2016\/05\/160422_editing-240x240.png 240w, http:\/\/m.greengrowscience.fr\/wp-content\/uploads\/2016\/05\/160422_editing-230x230.png 230w, http:\/\/m.greengrowscience.fr\/wp-content\/uploads\/2016\/05\/160422_editing-350x350.png 350w\" sizes=\"(max-width: 425px) 100vw, 425px\" alt=\"Editing\" loading=\"lazy\" \t\tclass=\"so-widget-image\"\/>\n\t<\/div>\n\n<\/div><\/div><\/div><\/div><\/div><div id=\"pg-1289-1\"  class=\"panel-grid panel-has-style\" ><div style=\"padding: 0px 0; \" class=\"panel-row-style panel-row-style-for-1289-1\" ><div id=\"pgc-1289-1-0\"  class=\"panel-grid-cell panel-grid-cell-empty\" ><\/div><div id=\"pgc-1289-1-1\"  class=\"panel-grid-cell panel-grid-cell-mobile-last\" ><div id=\"panel-1289-1-1-0\" class=\"so-panel widget widget_sow-editor panel-first-child panel-last-child\" data-index=\"1\" ><div\n\t\t\t\n\t\t\tclass=\"so-widget-sow-editor so-widget-sow-editor-base\"\n\t\t\t\n\t\t><h3 class=\"widget-title\">DEVIS POUR SERVICES R\u00c9DACTION<\/h3>\n<div class=\"siteorigin-widget-tinymce textwidget\">\n\t<h4> &nbsp; <\/h4> \n<p style=\"text-align: justify\"> Nous vous proposons de r\u00e9diger vos articles ou projets de recherche en anglais, \u00e0 partir d'une premi\u00e8re version ou  de la version fran\u00e7aise. Nous \u00e9tablirons un devis apr\u00e8s avoir \u00e9tudi\u00e9 les documents que vous nous transmettrez ici. Merci aussi de nous fournir une description aussi compl\u00e8te que possible de votre travail\/projet. <\/p><\/div>\n<\/div><\/div><\/div><div id=\"pgc-1289-1-2\"  class=\"panel-grid-cell panel-grid-cell-empty\" ><\/div><\/div><\/div><div id=\"pg-1289-2\"  class=\"panel-grid panel-has-style\" ><div style=\"text-align: center;padding: 25px 0; \" class=\"panel-row-style panel-row-style-for-1289-2\" ><div id=\"pgc-1289-2-0\"  class=\"panel-grid-cell panel-grid-cell-empty\" ><\/div><div id=\"pgc-1289-2-1\"  class=\"panel-grid-cell panel-grid-cell-mobile-last\" ><div id=\"panel-1289-2-1-0\" class=\"so-panel widget widget_text panel-first-child panel-last-child\" data-index=\"2\" >\t\t\t<div class=\"textwidget\">[CP_CALCULATED_FIELDS id=\"29\"]<\/div>\n\t\t<\/div><\/div><div id=\"pgc-1289-2-2\"  class=\"panel-grid-cell panel-grid-cell-empty\" ><\/div><\/div><\/div><div id=\"pg-1289-3\"  class=\"panel-grid panel-has-style\" ><div class=\"siteorigin-panels-stretch sydney-stretch panel-row-style panel-row-style-for-1289-3\" style=\"padding: 100px 0; \" data-stretch-type=\"full\" ><div id=\"pgc-1289-3-0\"  class=\"panel-grid-cell\" ><div id=\"panel-1289-3-0-0\" class=\"so-panel widget widget_sydney_employees sydney_employees_widget panel-first-child panel-last-child\" data-index=\"3\" >\n\t\t<h3 class=\"widget-title\">TOUS NOS SERVICES DE R\u00c9DACTION<\/h3>\n\t\t<div class=\"roll-team carousel owl-carousel\">\n\t\t\t\t\t\t\t\t\t\t<div class=\"team-item\">\n\t\t\t    <div class=\"team-inner\">\n\t\t\t        <div class=\"pop-overlay\">\n\t\t\t\t    <a href=\"http:\/\/m.greengrowscience.fr\/index.php\/order_proof\">\n\t\t\t            <div class=\"team-pop\">\n\t\t\t                <div class=\"team-info\">\n\t\t\t\t\t\t\t\t<div class=\"name\">Relecture<\/div>\n\t\t\t\t\t\t\t\t<div class=\"pos\">24 \u20ac\/1000 mots<\/div>\n\t\t\t\t\t\t\t\t<ul class=\"team-social\">\n\t\t\t\t\t\t\t\t\t\t\t\t\t\t\t\t\t\t\t\t\t\t\t\t\t\t\t\t\t\t\t\t\t\t\t<\/ul>\n\t\t\t                <\/div>\n\t\t\t            <\/div>\n\t\t\t\t    <\/a>\n\t\t\t        <\/div>\n\t\t\t\t\t\t\t\t\t\t<div class=\"avatar\">\n\t\t\t\t\t\t<img width=\"400\" height=\"400\" src=\"http:\/\/m.greengrowscience.fr\/wp-content\/uploads\/2016\/01\/employee_proof_2-400x400.png\" class=\"attachment-sydney-medium-thumb size-sydney-medium-thumb wp-post-image\" alt=\"Relecture\" loading=\"lazy\" srcset=\"http:\/\/m.greengrowscience.fr\/wp-content\/uploads\/2016\/01\/employee_proof_2.png 400w, http:\/\/m.greengrowscience.fr\/wp-content\/uploads\/2016\/01\/employee_proof_2-150x150.png 150w, http:\/\/m.greengrowscience.fr\/wp-content\/uploads\/2016\/01\/employee_proof_2-300x300.png 300w, http:\/\/m.greengrowscience.fr\/wp-content\/uploads\/2016\/01\/employee_proof_2-240x240.png 240w, http:\/\/m.greengrowscience.fr\/wp-content\/uploads\/2016\/01\/employee_proof_2-230x230.png 230w, http:\/\/m.greengrowscience.fr\/wp-content\/uploads\/2016\/01\/employee_proof_2-350x350.png 350w\" sizes=\"(max-width: 400px) 100vw, 400px\" \/>\t\t\t\t\t<\/div>\n\t\t\t\t\t\t\t\t    <\/div>\n\t\t\t    <div class=\"team-content\">\n\t\t\t        <div class=\"name\">\n\t\t\t        \t\t\t\t        \t\t<a href=\"http:\/\/m.greengrowscience.fr\/index.php\/order_proof\">Relecture<\/a>\n\t\t\t        \t\t\t\t        <\/div>\n\t\t\t        <div class=\"pos\">24 \u20ac\/1000 mots<\/div>\n\t\t\t    <\/div>\n\t\t\t<\/div><!-- \/.team-item -->\n\n\t\t\t\t\t\t\t\t\t\t<div class=\"team-item\">\n\t\t\t    <div class=\"team-inner\">\n\t\t\t        <div class=\"pop-overlay\">\n\t\t\t\t    <a href=\"http:\/\/m.greengrowscience.fr\/index.php\/order_cped\">\n\t\t\t            <div class=\"team-pop\">\n\t\t\t                <div class=\"team-info\">\n\t\t\t\t\t\t\t\t<div class=\"name\">R\u00e9vision<\/div>\n\t\t\t\t\t\t\t\t<div class=\"pos\">60 \u20ac\/1000 mots<\/div>\n\t\t\t\t\t\t\t\t<ul class=\"team-social\">\n\t\t\t\t\t\t\t\t\t\t\t\t\t\t\t\t\t\t\t\t\t\t\t\t\t\t\t\t\t\t\t\t\t\t\t<\/ul>\n\t\t\t                <\/div>\n\t\t\t            <\/div>\n\t\t\t\t    <\/a>\n\t\t\t        <\/div>\n\t\t\t\t\t\t\t\t\t\t<div class=\"avatar\">\n\t\t\t\t\t\t<img width=\"400\" height=\"400\" src=\"http:\/\/m.greengrowscience.fr\/wp-content\/uploads\/2016\/01\/employee_cped_2-400x400.png\" class=\"attachment-sydney-medium-thumb size-sydney-medium-thumb wp-post-image\" alt=\"R\u00e9vision\" loading=\"lazy\" srcset=\"http:\/\/m.greengrowscience.fr\/wp-content\/uploads\/2016\/01\/employee_cped_2.png 400w, http:\/\/m.greengrowscience.fr\/wp-content\/uploads\/2016\/01\/employee_cped_2-150x150.png 150w, http:\/\/m.greengrowscience.fr\/wp-content\/uploads\/2016\/01\/employee_cped_2-300x300.png 300w, http:\/\/m.greengrowscience.fr\/wp-content\/uploads\/2016\/01\/employee_cped_2-240x240.png 240w, http:\/\/m.greengrowscience.fr\/wp-content\/uploads\/2016\/01\/employee_cped_2-230x230.png 230w, http:\/\/m.greengrowscience.fr\/wp-content\/uploads\/2016\/01\/employee_cped_2-350x350.png 350w\" sizes=\"(max-width: 400px) 100vw, 400px\" \/>\t\t\t\t\t<\/div>\n\t\t\t\t\t\t\t\t    <\/div>\n\t\t\t    <div class=\"team-content\">\n\t\t\t        <div class=\"name\">\n\t\t\t        \t\t\t\t        \t\t<a href=\"http:\/\/m.greengrowscience.fr\/index.php\/order_cped\">R\u00e9vision<\/a>\n\t\t\t        \t\t\t\t        <\/div>\n\t\t\t        <div class=\"pos\">60 \u20ac\/1000 mots<\/div>\n\t\t\t    <\/div>\n\t\t\t<\/div><!-- \/.team-item -->\n\n\t\t\t\t\t\t\t\t\t\t<div class=\"team-item\">\n\t\t\t    <div class=\"team-inner\">\n\t\t\t        <div class=\"pop-overlay\">\n\t\t\t\t    <a href=\"http:\/\/m.greengrowscience.fr\/index.php\/order_exed\">\n\t\t\t            <div class=\"team-pop\">\n\t\t\t                <div class=\"team-info\">\n\t\t\t\t\t\t\t\t<div class=\"name\">R\u00e9vision compl\u00e8te<\/div>\n\t\t\t\t\t\t\t\t<div class=\"pos\">84 \u20ac\/1000 mots<\/div>\n\t\t\t\t\t\t\t\t<ul class=\"team-social\">\n\t\t\t\t\t\t\t\t\t\t\t\t\t\t\t\t\t\t\t\t\t\t\t\t\t\t\t\t\t\t\t\t\t\t\t<\/ul>\n\t\t\t                <\/div>\n\t\t\t            <\/div>\n\t\t\t\t    <\/a>\n\t\t\t        <\/div>\n\t\t\t\t\t\t\t\t\t\t<div class=\"avatar\">\n\t\t\t\t\t\t<img width=\"400\" height=\"400\" src=\"http:\/\/m.greengrowscience.fr\/wp-content\/uploads\/2016\/01\/employee_exed_2-400x400.png\" class=\"attachment-sydney-medium-thumb size-sydney-medium-thumb wp-post-image\" alt=\"R\u00e9vision compl\u00e8te\" loading=\"lazy\" srcset=\"http:\/\/m.greengrowscience.fr\/wp-content\/uploads\/2016\/01\/employee_exed_2.png 400w, http:\/\/m.greengrowscience.fr\/wp-content\/uploads\/2016\/01\/employee_exed_2-150x150.png 150w, http:\/\/m.greengrowscience.fr\/wp-content\/uploads\/2016\/01\/employee_exed_2-300x300.png 300w, http:\/\/m.greengrowscience.fr\/wp-content\/uploads\/2016\/01\/employee_exed_2-240x240.png 240w, http:\/\/m.greengrowscience.fr\/wp-content\/uploads\/2016\/01\/employee_exed_2-230x230.png 230w, http:\/\/m.greengrowscience.fr\/wp-content\/uploads\/2016\/01\/employee_exed_2-350x350.png 350w\" sizes=\"(max-width: 400px) 100vw, 400px\" \/>\t\t\t\t\t<\/div>\n\t\t\t\t\t\t\t\t    <\/div>\n\t\t\t    <div class=\"team-content\">\n\t\t\t        <div class=\"name\">\n\t\t\t        \t\t\t\t        \t\t<a href=\"http:\/\/m.greengrowscience.fr\/index.php\/order_exed\">R\u00e9vision compl\u00e8te<\/a>\n\t\t\t        \t\t\t\t        <\/div>\n\t\t\t        <div class=\"pos\">84 \u20ac\/1000 mots<\/div>\n\t\t\t    <\/div>\n\t\t\t<\/div><!-- \/.team-item -->\n\n\t\t\t\t\t\t\t\t\t\t<div class=\"team-item\">\n\t\t\t    <div class=\"team-inner\">\n\t\t\t        <div class=\"pop-overlay\">\n\t\t\t\t    <a href=\"http:\/\/m.greengrowscience.fr\/index.php\/quote_writing\">\n\t\t\t            <div class=\"team-pop\">\n\t\t\t                <div class=\"team-info\">\n\t\t\t\t\t\t\t\t<div class=\"name\">R\u00e9daction<\/div>\n\t\t\t\t\t\t\t\t<div class=\"pos\">sur devis (\u00e0 partir de 100 \u20ac\/1000 mots)<\/div>\n\t\t\t\t\t\t\t\t<ul class=\"team-social\">\n\t\t\t\t\t\t\t\t\t\t\t\t\t\t\t\t\t\t\t\t\t\t\t\t\t\t\t\t\t\t\t\t\t\t\t<\/ul>\n\t\t\t                <\/div>\n\t\t\t            <\/div>\n\t\t\t\t    <\/a>\n\t\t\t        <\/div>\n\t\t\t\t\t\t\t\t\t\t<div class=\"avatar\">\n\t\t\t\t\t\t<img width=\"400\" height=\"400\" src=\"http:\/\/m.greengrowscience.fr\/wp-content\/uploads\/2016\/01\/employee_writing_2-400x400.png\" class=\"attachment-sydney-medium-thumb size-sydney-medium-thumb wp-post-image\" alt=\"R\u00e9daction\" loading=\"lazy\" srcset=\"http:\/\/m.greengrowscience.fr\/wp-content\/uploads\/2016\/01\/employee_writing_2.png 400w, http:\/\/m.greengrowscience.fr\/wp-content\/uploads\/2016\/01\/employee_writing_2-150x150.png 150w, http:\/\/m.greengrowscience.fr\/wp-content\/uploads\/2016\/01\/employee_writing_2-300x300.png 300w, http:\/\/m.greengrowscience.fr\/wp-content\/uploads\/2016\/01\/employee_writing_2-240x240.png 240w, http:\/\/m.greengrowscience.fr\/wp-content\/uploads\/2016\/01\/employee_writing_2-230x230.png 230w, http:\/\/m.greengrowscience.fr\/wp-content\/uploads\/2016\/01\/employee_writing_2-350x350.png 350w\" sizes=\"(max-width: 400px) 100vw, 400px\" \/>\t\t\t\t\t<\/div>\n\t\t\t\t\t\t\t\t    <\/div>\n\t\t\t    <div class=\"team-content\">\n\t\t\t        <div class=\"name\">\n\t\t\t        \t\t\t\t        \t\t<a href=\"http:\/\/m.greengrowscience.fr\/index.php\/quote_writing\">R\u00e9daction<\/a>\n\t\t\t        \t\t\t\t        <\/div>\n\t\t\t        <div class=\"pos\">sur devis (\u00e0 partir de 100 \u20ac\/1000 mots)<\/div>\n\t\t\t    <\/div>\n\t\t\t<\/div><!-- \/.team-item -->\n\n\t\t\t\t\t\t\t\t\t\t<div class=\"team-item\">\n\t\t\t    <div class=\"team-inner\">\n\t\t\t        <div class=\"pop-overlay\">\n\t\t\t\t    <a href=\"http:\/\/m.greengrowscience.fr\/index.php\/order_jFormat\">\n\t\t\t            <div class=\"team-pop\">\n\t\t\t                <div class=\"team-info\">\n\t\t\t\t\t\t\t\t<div class=\"name\">Normes \u00e9ditoriales<\/div>\n\t\t\t\t\t\t\t\t<div class=\"pos\">75 \u20ac<\/div>\n\t\t\t\t\t\t\t\t<ul class=\"team-social\">\n\t\t\t\t\t\t\t\t\t\t\t\t\t\t\t\t\t\t\t\t\t\t\t\t\t\t\t\t\t\t\t\t\t\t\t<\/ul>\n\t\t\t                <\/div>\n\t\t\t            <\/div>\n\t\t\t\t    <\/a>\n\t\t\t        <\/div>\n\t\t\t\t\t\t\t\t\t\t<div class=\"avatar\">\n\t\t\t\t\t\t<img width=\"400\" height=\"400\" src=\"http:\/\/m.greengrowscience.fr\/wp-content\/uploads\/2016\/01\/employee_jFormat-400x400.png\" class=\"attachment-sydney-medium-thumb size-sydney-medium-thumb wp-post-image\" alt=\"Normes \u00e9ditoriales\" loading=\"lazy\" srcset=\"http:\/\/m.greengrowscience.fr\/wp-content\/uploads\/2016\/01\/employee_jFormat.png 400w, http:\/\/m.greengrowscience.fr\/wp-content\/uploads\/2016\/01\/employee_jFormat-150x150.png 150w, http:\/\/m.greengrowscience.fr\/wp-content\/uploads\/2016\/01\/employee_jFormat-300x300.png 300w, http:\/\/m.greengrowscience.fr\/wp-content\/uploads\/2016\/01\/employee_jFormat-240x240.png 240w, http:\/\/m.greengrowscience.fr\/wp-content\/uploads\/2016\/01\/employee_jFormat-230x230.png 230w, http:\/\/m.greengrowscience.fr\/wp-content\/uploads\/2016\/01\/employee_jFormat-350x350.png 350w\" sizes=\"(max-width: 400px) 100vw, 400px\" \/>\t\t\t\t\t<\/div>\n\t\t\t\t\t\t\t\t    <\/div>\n\t\t\t    <div class=\"team-content\">\n\t\t\t        <div class=\"name\">\n\t\t\t        \t\t\t\t        \t\t<a href=\"http:\/\/m.greengrowscience.fr\/index.php\/order_jFormat\">Normes \u00e9ditoriales<\/a>\n\t\t\t        \t\t\t\t        <\/div>\n\t\t\t        <div class=\"pos\">75 \u20ac<\/div>\n\t\t\t    <\/div>\n\t\t\t<\/div><!-- \/.team-item -->\n\n\t\t\t\t\t\t\t\t\t\t<div class=\"team-item\">\n\t\t\t    <div class=\"team-inner\">\n\t\t\t        <div class=\"pop-overlay\">\n\t\t\t\t    <a href=\"http:\/\/m.greengrowscience.fr\/index.php\/order_coverletter\">\n\t\t\t            <div class=\"team-pop\">\n\t\t\t                <div class=\"team-info\">\n\t\t\t\t\t\t\t\t<div class=\"name\">Lettre \u00e0 l&rsquo;\u00e9diteur<\/div>\n\t\t\t\t\t\t\t\t<div class=\"pos\">150 \u20ac<\/div>\n\t\t\t\t\t\t\t\t<ul class=\"team-social\">\n\t\t\t\t\t\t\t\t\t\t\t\t\t\t\t\t\t\t\t\t\t\t\t\t\t\t\t\t\t\t\t\t\t\t\t<\/ul>\n\t\t\t                <\/div>\n\t\t\t            <\/div>\n\t\t\t\t    <\/a>\n\t\t\t        <\/div>\n\t\t\t\t\t\t\t\t\t\t<div class=\"avatar\">\n\t\t\t\t\t\t<img width=\"400\" height=\"400\" src=\"http:\/\/m.greengrowscience.fr\/wp-content\/uploads\/2016\/01\/employee_coverLetter-400x400.png\" class=\"attachment-sydney-medium-thumb size-sydney-medium-thumb wp-post-image\" alt=\"Lettre \u00e0 l&#039;\u00e9diteur\" loading=\"lazy\" srcset=\"http:\/\/m.greengrowscience.fr\/wp-content\/uploads\/2016\/01\/employee_coverLetter.png 400w, http:\/\/m.greengrowscience.fr\/wp-content\/uploads\/2016\/01\/employee_coverLetter-150x150.png 150w, http:\/\/m.greengrowscience.fr\/wp-content\/uploads\/2016\/01\/employee_coverLetter-300x300.png 300w, http:\/\/m.greengrowscience.fr\/wp-content\/uploads\/2016\/01\/employee_coverLetter-240x240.png 240w, http:\/\/m.greengrowscience.fr\/wp-content\/uploads\/2016\/01\/employee_coverLetter-230x230.png 230w, http:\/\/m.greengrowscience.fr\/wp-content\/uploads\/2016\/01\/employee_coverLetter-350x350.png 350w\" sizes=\"(max-width: 400px) 100vw, 400px\" \/>\t\t\t\t\t<\/div>\n\t\t\t\t\t\t\t\t    <\/div>\n\t\t\t    <div class=\"team-content\">\n\t\t\t        <div class=\"name\">\n\t\t\t        \t\t\t\t        \t\t<a href=\"http:\/\/m.greengrowscience.fr\/index.php\/order_coverletter\">Lettre \u00e0 l&rsquo;\u00e9diteur<\/a>\n\t\t\t        \t\t\t\t        <\/div>\n\t\t\t        <div class=\"pos\">150 \u20ac<\/div>\n\t\t\t    <\/div>\n\t\t\t<\/div><!-- \/.team-item -->\n\n\t\t\t\t\t\t\t\t\t\t<div class=\"team-item\">\n\t\t\t    <div class=\"team-inner\">\n\t\t\t        <div class=\"pop-overlay\">\n\t\t\t\t    <a href=\"http:\/\/m.greengrowscience.fr\/index.php\/order_abstract\">\n\t\t\t            <div class=\"team-pop\">\n\t\t\t                <div class=\"team-info\">\n\t\t\t\t\t\t\t\t<div class=\"name\">Peaufinage d&rsquo;abstract<\/div>\n\t\t\t\t\t\t\t\t<div class=\"pos\">150 \u20ac<\/div>\n\t\t\t\t\t\t\t\t<ul class=\"team-social\">\n\t\t\t\t\t\t\t\t\t\t\t\t\t\t\t\t\t\t\t\t\t\t\t\t\t\t\t\t\t\t\t\t\t\t\t<\/ul>\n\t\t\t                <\/div>\n\t\t\t            <\/div>\n\t\t\t\t    <\/a>\n\t\t\t        <\/div>\n\t\t\t\t\t\t\t\t\t\t<div class=\"avatar\">\n\t\t\t\t\t\t<img width=\"400\" height=\"400\" src=\"http:\/\/m.greengrowscience.fr\/wp-content\/uploads\/2016\/01\/employee_abstract-400x400.png\" class=\"attachment-sydney-medium-thumb size-sydney-medium-thumb wp-post-image\" alt=\"Peaufinage d&#039;abstract\" loading=\"lazy\" srcset=\"http:\/\/m.greengrowscience.fr\/wp-content\/uploads\/2016\/01\/employee_abstract.png 400w, http:\/\/m.greengrowscience.fr\/wp-content\/uploads\/2016\/01\/employee_abstract-150x150.png 150w, http:\/\/m.greengrowscience.fr\/wp-content\/uploads\/2016\/01\/employee_abstract-300x300.png 300w, http:\/\/m.greengrowscience.fr\/wp-content\/uploads\/2016\/01\/employee_abstract-240x240.png 240w, http:\/\/m.greengrowscience.fr\/wp-content\/uploads\/2016\/01\/employee_abstract-230x230.png 230w, http:\/\/m.greengrowscience.fr\/wp-content\/uploads\/2016\/01\/employee_abstract-350x350.png 350w\" sizes=\"(max-width: 400px) 100vw, 400px\" \/>\t\t\t\t\t<\/div>\n\t\t\t\t\t\t\t\t    <\/div>\n\t\t\t    <div class=\"team-content\">\n\t\t\t        <div class=\"name\">\n\t\t\t        \t\t\t\t        \t\t<a href=\"http:\/\/m.greengrowscience.fr\/index.php\/order_abstract\">Peaufinage d&rsquo;abstract<\/a>\n\t\t\t        \t\t\t\t        <\/div>\n\t\t\t        <div class=\"pos\">150 \u20ac<\/div>\n\t\t\t    <\/div>\n\t\t\t<\/div><!-- \/.team-item -->\n\n\t\t\t\t\t<\/div>\n\n\t\t\t\n\t\n\t<\/div><\/div><\/div><\/div><\/div>","protected":false},"excerpt":{"rendered":"<p>&nbsp; Nous vous proposons de r\u00e9diger vos articles ou projets de recherche en anglais, \u00e0 partir d&rsquo;une premi\u00e8re version ou de la version fran\u00e7aise. Nous \u00e9tablirons un devis apr\u00e8s avoir \u00e9tudi\u00e9 les documents que vous nous transmettrez ici. Merci aussi de nous fournir une description aussi compl\u00e8te que possible de votre travail\/projet.<\/p>\n","protected":false},"author":6,"featured_media":0,"parent":0,"menu_order":0,"comment_status":"closed","ping_status":"closed","template":"page-templates\/page_front-page.php","meta":[],"_links":{"self":[{"href":"http:\/\/m.greengrowscience.fr\/index.php\/wp-json\/wp\/v2\/pages\/1289"}],"collection":[{"href":"http:\/\/m.greengrowscience.fr\/index.php\/wp-json\/wp\/v2\/pages"}],"about":[{"href":"http:\/\/m.greengrowscience.fr\/index.php\/wp-json\/wp\/v2\/types\/page"}],"author":[{"embeddable":true,"href":"http:\/\/m.greengrowscience.fr\/index.php\/wp-json\/wp\/v2\/users\/6"}],"replies":[{"embeddable":true,"href":"http:\/\/m.greengrowscience.fr\/index.php\/wp-json\/wp\/v2\/comments?post=1289"}],"version-history":[{"count":5,"href":"http:\/\/m.greengrowscience.fr\/index.php\/wp-json\/wp\/v2\/pages\/1289\/revisions"}],"predecessor-version":[{"id":2418,"href":"http:\/\/m.greengrowscience.fr\/index.php\/wp-json\/wp\/v2\/pages\/1289\/revisions\/2418"}],"wp:attachment":[{"href":"http:\/\/m.greengrowscience.fr\/index.php\/wp-json\/wp\/v2\/media?parent=1289"}],"curies":[{"name":"wp","href":"https:\/\/api.w.org\/{rel}","templated":true}]}}