{"id":1291,"date":"2016-01-11T15:14:54","date_gmt":"2016-01-11T14:14:54","guid":{"rendered":"http:\/\/greengrowsci.com\/?page_id=1291"},"modified":"2017-07-06T05:10:21","modified_gmt":"2017-07-06T05:10:21","slug":"order_prescoach","status":"publish","type":"page","link":"http:\/\/m.greengrowscience.fr\/index.php\/order_prescoach\/","title":{"rendered":"order_prescoach"},"content":{"rendered":"<div id=\"pl-1291\"  class=\"panel-layout\" ><div id=\"pg-1291-0\"  class=\"panel-grid panel-has-style\" ><div style=\"padding: 5px 0; \" class=\"panel-row-style panel-row-style-for-1291-0\" ><div id=\"pgc-1291-0-0\"  class=\"panel-grid-cell\" ><div id=\"panel-1291-0-0-0\" class=\"so-panel widget widget_sow-image panel-first-child panel-last-child\" data-index=\"0\" ><div\n\t\t\t\n\t\t\tclass=\"so-widget-sow-image so-widget-sow-image-default-c67d20f9f743-1291\"\n\t\t\t\n\t\t>\n<div class=\"sow-image-container\">\n\t\t<img \n\tsrc=\"http:\/\/m.greengrowscience.fr\/wp-content\/uploads\/2016\/05\/160422_team-300x300.png\" width=\"300\" height=\"300\" srcset=\"http:\/\/m.greengrowscience.fr\/wp-content\/uploads\/2016\/05\/160422_team-300x300.png 300w, http:\/\/m.greengrowscience.fr\/wp-content\/uploads\/2016\/05\/160422_team-150x150.png 150w, http:\/\/m.greengrowscience.fr\/wp-content\/uploads\/2016\/05\/160422_team-240x240.png 240w, http:\/\/m.greengrowscience.fr\/wp-content\/uploads\/2016\/05\/160422_team-230x230.png 230w, http:\/\/m.greengrowscience.fr\/wp-content\/uploads\/2016\/05\/160422_team-350x350.png 350w, http:\/\/m.greengrowscience.fr\/wp-content\/uploads\/2016\/05\/160422_team.png 425w\" sizes=\"(max-width: 300px) 100vw, 300px\" alt=\"Pr\u00e9sentations\" loading=\"lazy\" \t\tclass=\"so-widget-image\"\/>\n\t<\/div>\n\n<\/div><\/div><\/div><\/div><\/div><div id=\"pg-1291-1\"  class=\"panel-grid panel-has-style\" ><div style=\"padding: 0px 0; \" class=\"panel-row-style panel-row-style-for-1291-1\" ><div id=\"pgc-1291-1-0\"  class=\"panel-grid-cell panel-grid-cell-empty\" ><\/div><div id=\"pgc-1291-1-1\"  class=\"panel-grid-cell panel-grid-cell-mobile-last\" ><div id=\"panel-1291-1-1-0\" class=\"so-panel widget widget_sow-editor panel-first-child\" data-index=\"1\" ><div\n\t\t\t\n\t\t\tclass=\"so-widget-sow-editor so-widget-sow-editor-base\"\n\t\t\t\n\t\t><h3 class=\"widget-title\">ANGLAIS SCIENTIFIQUE \u00c0 L'ORAL<\/h3>\n<div class=\"siteorigin-widget-tinymce textwidget\">\n\t<p style=\"text-align: center\"> Cours de conversation d'anglais m\u00e9dical ou scientifique avec un anglais scientifique. <\/p> \n<p style=\"text-align: center\">R\u00e9p\u00e9tez vos pr\u00e9sentations orales en direct pour gagner en assurance lors du congr\u00e8s. V\u00e9rifiez votre prononciation pour garantir que l'auditoire vous comprenne bien. <\/p> \n<p style=\"text-align: center\"> Cours particuliers t\u00e9l\u00e9phoniques, par internet ou en personne par tranche de 30 min. <\/p><\/div>\n<\/div><\/div><div id=\"panel-1291-1-1-1\" class=\"so-panel widget widget_sydney_action sydney_action_widget panel-last-child\" data-index=\"2\" >        <div class=\"roll-promobox \">\n\t\t\t<div class=\"promo-wrap\">\n\t\t\t\t\t\t\t\t<div class=\"promo-controls\">\n\t\t\t\t\t<a href=\"http:\/\/m.greengrowscience.fr\/index.php\/contact\" class=\"roll-button border\">PLUS D&#039;INFORMATIONS<\/a>\n\t\t\t\t<\/div>\n\t\t\t<\/div>\n        <\/div>\n\t<\/div><\/div><div id=\"pgc-1291-1-2\"  class=\"panel-grid-cell panel-grid-cell-empty\" ><\/div><\/div><\/div><div id=\"pg-1291-2\"  class=\"panel-grid panel-has-style\" ><div style=\"text-align: center;padding: 25px 0; \" class=\"panel-row-style panel-row-style-for-1291-2\" ><div id=\"pgc-1291-2-0\"  class=\"panel-grid-cell panel-grid-cell-empty\" ><\/div><div id=\"pgc-1291-2-1\"  class=\"panel-grid-cell panel-grid-cell-mobile-last\" ><div id=\"panel-1291-2-1-0\" class=\"so-panel widget widget_text panel-first-child panel-last-child\" data-index=\"3\" >\t\t\t<div class=\"textwidget\">[CP_CALCULATED_FIELDS id=\"21\"]<\/div>\n\t\t<\/div><\/div><div id=\"pgc-1291-2-2\"  class=\"panel-grid-cell panel-grid-cell-empty\" ><\/div><\/div><\/div><div id=\"pg-1291-3\"  class=\"panel-grid panel-has-style\" ><div class=\"siteorigin-panels-stretch sydney-stretch panel-row-style panel-row-style-for-1291-3\" style=\"padding: 100px 0; \" data-stretch-type=\"full\" ><div id=\"pgc-1291-3-0\"  class=\"panel-grid-cell panel-grid-cell-empty\" ><\/div><\/div><\/div><\/div>","protected":false},"excerpt":{"rendered":"<p>Cours de conversation d&rsquo;anglais m\u00e9dical ou scientifique avec un anglais scientifique. R\u00e9p\u00e9tez vos pr\u00e9sentations orales en direct pour gagner en assurance lors du congr\u00e8s. V\u00e9rifiez votre prononciation pour garantir que l&rsquo;auditoire vous comprenne bien. Cours particuliers t\u00e9l\u00e9phoniques, par internet ou en personne par tranche de 30 min.<\/p>\n","protected":false},"author":6,"featured_media":0,"parent":0,"menu_order":0,"comment_status":"closed","ping_status":"closed","template":"page-templates\/page_front-page.php","meta":[],"_links":{"self":[{"href":"http:\/\/m.greengrowscience.fr\/index.php\/wp-json\/wp\/v2\/pages\/1291"}],"collection":[{"href":"http:\/\/m.greengrowscience.fr\/index.php\/wp-json\/wp\/v2\/pages"}],"about":[{"href":"http:\/\/m.greengrowscience.fr\/index.php\/wp-json\/wp\/v2\/types\/page"}],"author":[{"embeddable":true,"href":"http:\/\/m.greengrowscience.fr\/index.php\/wp-json\/wp\/v2\/users\/6"}],"replies":[{"embeddable":true,"href":"http:\/\/m.greengrowscience.fr\/index.php\/wp-json\/wp\/v2\/comments?post=1291"}],"version-history":[{"count":25,"href":"http:\/\/m.greengrowscience.fr\/index.php\/wp-json\/wp\/v2\/pages\/1291\/revisions"}],"predecessor-version":[{"id":2576,"href":"http:\/\/m.greengrowscience.fr\/index.php\/wp-json\/wp\/v2\/pages\/1291\/revisions\/2576"}],"wp:attachment":[{"href":"http:\/\/m.greengrowscience.fr\/index.php\/wp-json\/wp\/v2\/media?parent=1291"}],"curies":[{"name":"wp","href":"https:\/\/api.w.org\/{rel}","templated":true}]}}