{"id":1934,"date":"2016-02-11T13:23:17","date_gmt":"2016-02-11T13:23:17","guid":{"rendered":"http:\/\/greengrowscience.fr\/?page_id=1934"},"modified":"2016-04-15T12:52:07","modified_gmt":"2016-04-15T12:52:07","slug":"legal","status":"publish","type":"page","link":"http:\/\/m.greengrowscience.fr\/index.php\/legal\/","title":{"rendered":"legal"},"content":{"rendered":"<div id=\"pl-1934\"  class=\"panel-layout\" ><div id=\"pg-1934-0\"  class=\"panel-grid panel-has-style\" ><div style=\"padding: 100px 0; \" class=\"panel-row-style panel-row-style-for-1934-0\" ><div id=\"pgc-1934-0-0\"  class=\"panel-grid-cell\" ><div id=\"panel-1934-0-0-0\" class=\"so-panel widget widget_sow-editor panel-first-child panel-last-child\" data-index=\"0\" ><div\n\t\t\t\n\t\t\tclass=\"so-widget-sow-editor so-widget-sow-editor-base\"\n\t\t\t\n\t\t><h3 class=\"widget-title\">MENTIONS L\u00c9GALES<\/h3>\n<div class=\"siteorigin-widget-tinymce textwidget\">\n\t<\/div>\n<\/div><\/div><\/div><\/div><\/div><div id=\"pg-1934-1\"  class=\"panel-grid panel-has-style\" ><div style=\"padding: 0px 0; \" class=\"panel-row-style panel-row-style-for-1934-1\" ><div id=\"pgc-1934-1-0\"  class=\"panel-grid-cell\" ><div id=\"panel-1934-1-0-0\" class=\"so-panel widget widget_sow-editor panel-first-child panel-last-child\" data-index=\"1\" ><div\n\t\t\t\n\t\t\tclass=\"so-widget-sow-editor so-widget-sow-editor-base\"\n\t\t\t\n\t\t><h3 class=\"widget-title\">\u00c9DITEUR<\/h3>\n<div class=\"siteorigin-widget-tinymce textwidget\">\n\t<head>\n<style>\np.ex1 {\n    margin-bottom: 30px;\n    text-align: justify;\n}\n<\/style>\n<\/head>\n\n<body>\n<h4 style=\"text-align: center\">GGS<\/h4>\n<p class=\"ex1\">Soci\u00e9t\u00e9 \u00e0 responsabilit\u00e9 limit\u00e9e au capital de 2000 \u20ac immatricul\u00e9e au registre du commerce et des soci\u00e9t\u00e9s de Lyon. <\/p>\n<p class=\"ex1\">Si\u00e8ge social: 21 Mont\u00e9e de l'Observance,  FR-69009 Lyon <\/p>\n<p class=\"ex1\">Siret: 80757504800010 | APE: 8219Z | TVA: FR00807575048 <\/p>\n<p class=\"ex1\">Directeur de la publication: Paul Guerry <\/p>\n<\/body><\/div>\n<\/div><\/div><\/div><div id=\"pgc-1934-1-1\"  class=\"panel-grid-cell panel-grid-cell-empty\" ><\/div><div id=\"pgc-1934-1-2\"  class=\"panel-grid-cell\" ><div id=\"panel-1934-1-2-0\" class=\"so-panel widget widget_sow-editor panel-first-child panel-last-child\" data-index=\"2\" ><div\n\t\t\t\n\t\t\tclass=\"so-widget-sow-editor so-widget-sow-editor-base\"\n\t\t\t\n\t\t><h3 class=\"widget-title\">H\u00c9BERGEUR<\/h3>\n<div class=\"siteorigin-widget-tinymce textwidget\">\n\t<head>\n<style>\np.ex1 {\n    margin-bottom: 30px;\n    text-align: justify;\n}\n<\/style>\n<\/head>\n\n<body>\n<h4 style=\"text-align: center\">InMotion Hosting<\/h4>\n<p class=\"ex1\">6100 Center Drive, Suite 1190, Los Angeles, CA 90045<\/p>\n<p class=\"ex1\"><a href=\"http:\/\/www.inmotionhosting.com\">www.inmotionhosting.com<\/a><\/p>\n<\/body><\/div>\n<\/div><\/div><\/div><\/div><\/div><div id=\"pg-1934-2\"  class=\"panel-grid panel-has-style\" ><div style=\"padding: 100px 0; \" class=\"panel-row-style panel-row-style-for-1934-2\" ><div id=\"pgc-1934-2-0\"  class=\"panel-grid-cell panel-grid-cell-empty\" ><\/div><\/div><\/div><\/div>","protected":false},"excerpt":{"rendered":"<p>GGS Soci\u00e9t\u00e9 \u00e0 responsabilit\u00e9 limit\u00e9e au capital de 2000 \u20ac immatricul\u00e9e au registre du commerce et des soci\u00e9t\u00e9s de Lyon. Si\u00e8ge social: 21 Mont\u00e9e de l&rsquo;Observance, FR-69009 Lyon Siret: 80757504800010 | APE: 8219Z | TVA: FR00807575048 Directeur de la publication: Paul Guerry InMotion Hosting 6100 Center Drive, Suite 1190, Los Angeles, CA 90045 www.inmotionhosting.com<\/p>\n","protected":false},"author":6,"featured_media":0,"parent":0,"menu_order":0,"comment_status":"closed","ping_status":"closed","template":"page-templates\/page_front-page.php","meta":[],"_links":{"self":[{"href":"http:\/\/m.greengrowscience.fr\/index.php\/wp-json\/wp\/v2\/pages\/1934"}],"collection":[{"href":"http:\/\/m.greengrowscience.fr\/index.php\/wp-json\/wp\/v2\/pages"}],"about":[{"href":"http:\/\/m.greengrowscience.fr\/index.php\/wp-json\/wp\/v2\/types\/page"}],"author":[{"embeddable":true,"href":"http:\/\/m.greengrowscience.fr\/index.php\/wp-json\/wp\/v2\/users\/6"}],"replies":[{"embeddable":true,"href":"http:\/\/m.greengrowscience.fr\/index.php\/wp-json\/wp\/v2\/comments?post=1934"}],"version-history":[{"count":11,"href":"http:\/\/m.greengrowscience.fr\/index.php\/wp-json\/wp\/v2\/pages\/1934\/revisions"}],"predecessor-version":[{"id":2380,"href":"http:\/\/m.greengrowscience.fr\/index.php\/wp-json\/wp\/v2\/pages\/1934\/revisions\/2380"}],"wp:attachment":[{"href":"http:\/\/m.greengrowscience.fr\/index.php\/wp-json\/wp\/v2\/media?parent=1934"}],"curies":[{"name":"wp","href":"https:\/\/api.w.org\/{rel}","templated":true}]}}