{"id":1944,"date":"2016-02-11T13:54:27","date_gmt":"2016-02-11T13:54:27","guid":{"rendered":"http:\/\/greengrowscience.fr\/?page_id=1944"},"modified":"2016-02-11T14:25:18","modified_gmt":"2016-02-11T14:25:18","slug":"privacy","status":"publish","type":"page","link":"http:\/\/m.greengrowscience.fr\/index.php\/privacy\/","title":{"rendered":"privacy"},"content":{"rendered":"<div id=\"pl-1944\"  class=\"panel-layout\" ><div id=\"pg-1944-0\"  class=\"panel-grid panel-has-style\" ><div style=\"padding: 100px 0; \" class=\"panel-row-style panel-row-style-for-1944-0\" ><div id=\"pgc-1944-0-0\"  class=\"panel-grid-cell\" ><div id=\"panel-1944-0-0-0\" class=\"so-panel widget widget_sow-editor panel-first-child panel-last-child\" data-index=\"0\" ><div\n\t\t\t\n\t\t\tclass=\"so-widget-sow-editor so-widget-sow-editor-base\"\n\t\t\t\n\t\t><h3 class=\"widget-title\">DONN\u00c9ES PERSONNELLES<\/h3>\n<div class=\"siteorigin-widget-tinymce textwidget\">\n\t<p style=\"text-align: justify\"> D'une fa\u00e7on g\u00e9n\u00e9rale, vous pouvez visiter notre site sur Internet sans avoir \u00e0 d\u00e9cliner votre identit\u00e9 et \u00e0 fournir des informations personnelles vous concernant. Cependant, nous pouvons parfois vous demander des informations. Par exemple, pour traiter une commande, \u00e9tablir une correspondance, fournir un abonnement ou soumettre une candidature \u00e0 un poste. Nous pouvons compl\u00e9ter ces informations pour conclure une transaction ou offrir un meilleur service. <\/p>\n<\/div>\n<\/div><\/div><\/div><\/div><\/div><div id=\"pg-1944-1\"  class=\"panel-grid panel-has-style\" ><div style=\"padding: 0px 0; \" class=\"panel-row-style panel-row-style-for-1944-1\" ><div id=\"pgc-1944-1-0\"  class=\"panel-grid-cell\" ><div id=\"panel-1944-1-0-0\" class=\"so-panel widget widget_sow-editor panel-first-child panel-last-child\" data-index=\"1\" ><div\n\t\t\t\n\t\t\tclass=\"so-widget-sow-editor so-widget-sow-editor-base\"\n\t\t\t\n\t\t><h3 class=\"widget-title\">S\u00c9CURIT\u00c9<\/h3>\n<div class=\"siteorigin-widget-tinymce textwidget\">\n\t<head>\n<style>\np.ex1 {\n    margin-bottom: 30px;\n    text-align: justify;\n}\n<\/style>\n<\/head>\n\n<body>\n<p class=\"ex1\">GGS est tenu, ainsi que l'ensemble de son personnel, au secret professionnel et \u00e0 l'obligation de discr\u00e9tion pour tout ce qui concerne les faits, les informations et les d\u00e9cisions dont ils auront eu connaissance dans le cadre de la r\u00e9alisation des prestations propos\u00e9es. <\/p>\n<p class=\"ex1\"> Les infrastructures sur lesquelles sont d\u00e9velopp\u00e9s les Services OVH sont localis\u00e9es sur le territoire fran\u00e7ais. <\/p>\n<p class=\"ex1\"> GGS prend l'ensemble des mesures de s\u00e9curit\u00e9 physique visant \u00e0 emp\u00eacher l\u2019acc\u00e8s aux infrastructures sur lesquelles sont\nstock\u00e9es les donn\u00e9es du client par des personnes non autoris\u00e9es. <\/p>\n<\/body><\/div>\n<\/div><\/div><\/div><div id=\"pgc-1944-1-1\"  class=\"panel-grid-cell panel-grid-cell-empty\" ><\/div><div id=\"pgc-1944-1-2\"  class=\"panel-grid-cell\" ><div id=\"panel-1944-1-2-0\" class=\"so-panel widget widget_sow-editor panel-first-child panel-last-child\" data-index=\"2\" ><div\n\t\t\t\n\t\t\tclass=\"so-widget-sow-editor so-widget-sow-editor-base\"\n\t\t\t\n\t\t><h3 class=\"widget-title\">CONFIDENTIALIT\u00c9<\/h3>\n<div class=\"siteorigin-widget-tinymce textwidget\">\n\t<head>\n<style>\np.ex1 {\n    margin-bottom: 30px;\n    text-align: justify;\n}\n<\/style>\n<\/head>\n\n<body>\n<p class=\"ex1\"> GGS s'interdit de communiquer \u00e0 toute personne autre qu'elle-m\u00eame, l'ensemble de son personnel ou un tiers sur demande d'une autorit\u00e9 comp\u00e9tente (administrative, arbitrale ou judiciaire, conform\u00e9ment aux lois applicables ), directement ou indirectement, tout ou partie des informations, de toute nature (scientifique,commerciale, technique, financi\u00e8re, nominative, etc.), qui lui seront communiqu\u00e9es ou dont OVH aura connaissance \u00e0 l\u2019occasion de l\u2019ex\u00e9cution de la prestation.<\/p>\n<\/body><\/div>\n<\/div><\/div><\/div><\/div><\/div><div id=\"pg-1944-2\"  class=\"panel-grid panel-has-style\" ><div style=\"padding: 100px 0; \" class=\"panel-row-style panel-row-style-for-1944-2\" ><div id=\"pgc-1944-2-0\"  class=\"panel-grid-cell panel-grid-cell-empty\" ><\/div><\/div><\/div><\/div>","protected":false},"excerpt":{"rendered":"<p>D&rsquo;une fa\u00e7on g\u00e9n\u00e9rale, vous pouvez visiter notre site sur Internet sans avoir \u00e0 d\u00e9cliner votre identit\u00e9 et \u00e0 fournir des informations personnelles vous concernant. Cependant, nous pouvons parfois vous demander des informations. Par exemple, pour traiter une commande, \u00e9tablir une correspondance, fournir un abonnement ou soumettre une candidature \u00e0 un poste. Nous pouvons compl\u00e9ter ces [&hellip;]<\/p>\n","protected":false},"author":6,"featured_media":0,"parent":0,"menu_order":0,"comment_status":"closed","ping_status":"closed","template":"page-templates\/page_front-page.php","meta":[],"_links":{"self":[{"href":"http:\/\/m.greengrowscience.fr\/index.php\/wp-json\/wp\/v2\/pages\/1944"}],"collection":[{"href":"http:\/\/m.greengrowscience.fr\/index.php\/wp-json\/wp\/v2\/pages"}],"about":[{"href":"http:\/\/m.greengrowscience.fr\/index.php\/wp-json\/wp\/v2\/types\/page"}],"author":[{"embeddable":true,"href":"http:\/\/m.greengrowscience.fr\/index.php\/wp-json\/wp\/v2\/users\/6"}],"replies":[{"embeddable":true,"href":"http:\/\/m.greengrowscience.fr\/index.php\/wp-json\/wp\/v2\/comments?post=1944"}],"version-history":[{"count":5,"href":"http:\/\/m.greengrowscience.fr\/index.php\/wp-json\/wp\/v2\/pages\/1944\/revisions"}],"predecessor-version":[{"id":1949,"href":"http:\/\/m.greengrowscience.fr\/index.php\/wp-json\/wp\/v2\/pages\/1944\/revisions\/1949"}],"wp:attachment":[{"href":"http:\/\/m.greengrowscience.fr\/index.php\/wp-json\/wp\/v2\/media?parent=1944"}],"curies":[{"name":"wp","href":"https:\/\/api.w.org\/{rel}","templated":true}]}}