{"id":1954,"date":"2016-02-11T14:40:25","date_gmt":"2016-02-11T14:40:25","guid":{"rendered":"http:\/\/greengrowscience.fr\/?page_id=1954"},"modified":"2016-02-11T16:24:08","modified_gmt":"2016-02-11T16:24:08","slug":"termsandconditions","status":"publish","type":"page","link":"http:\/\/m.greengrowscience.fr\/index.php\/termsandconditions\/","title":{"rendered":"termsandconditions"},"content":{"rendered":"<div id=\"pl-1954\"  class=\"panel-layout\" ><div id=\"pg-1954-0\"  class=\"panel-grid panel-has-style\" ><div style=\"padding: 100px 0; \" class=\"panel-row-style panel-row-style-for-1954-0\" ><div id=\"pgc-1954-0-0\"  class=\"panel-grid-cell\" ><div id=\"panel-1954-0-0-0\" class=\"so-panel widget widget_sow-editor panel-first-child panel-last-child\" data-index=\"0\" ><div\n\t\t\t\n\t\t\tclass=\"so-widget-sow-editor so-widget-sow-editor-base\"\n\t\t\t\n\t\t><h3 class=\"widget-title\">CONDITIONS G\u00c9N\u00c9RALES DE VENTE<\/h3>\n<div class=\"siteorigin-widget-tinymce textwidget\">\n\t<p style=\"text-align: justify\"> GGS s'engage \u00e0 apporter tout le soin et toute la diligence n\u00e9cessaires \u00e0 la fourniture d'un service de qualit\u00e9 conform\u00e9ment aux usages de la profession et \u00e0 l'\u00e9tat de l'art. GGS ne r\u00e9pond que d'une obligation de moyen. <\/p>\n<p style=\"text-align: justify\"> La responsabilit\u00e9 de GGS ne sera pas engag\u00e9e si l'ex\u00e9cution de toute obligation incombant \u00e0 GGS au titre des pr\u00e9sentes, est emp\u00each\u00e9e, limit\u00e9e ou d\u00e9rang\u00e9e du fait d'incendie, explosion, d\u00e9faillance des r\u00e9seaux de transmission, effondrement des installations, \u00e9pid\u00e9mie, tremblement de terre, inondation, panne d'\u00e9lectricit\u00e9, guerre, embargo, loi, injonction, demande ou exigence de tout gouvernement, gr\u00e8ve, boycott, retrait d'autorisation de l'op\u00e9rateur de t\u00e9l\u00e9communication, ou autre circonstance hors du contr\u00f4le raisonnable d\u2019OVH (\"cas de force majeure\"). Alors GGS, sous r\u00e9serve d'une prompte notification au client, devra \u00eatre dispens\u00e9e de l'ex\u00e9cution de ses obligations dans la limite de cet emp\u00eachement, limitation ou d\u00e9rangement, et le client sera de la m\u00eame mani\u00e8re dispens\u00e9 de l'ex\u00e9cution de ses obligations dans la mesure o\u00f9 les obligations de cette partie sont relatives \u00e0 l'ex\u00e9cution ainsi emp\u00each\u00e9e, limit\u00e9e ou d\u00e9rang\u00e9e, sous r\u00e9serve que la partie ainsi affect\u00e9e fasse ses meilleurs efforts pour \u00e9viter ou pallier de telles causes d'inex\u00e9cution et que les deux parties proc\u00e8dent avec promptitude d\u00e8s lors que de telles causes auront cess\u00e9 ou \u00e9t\u00e9 supprim\u00e9es. La partie affect\u00e9e par un cas de force majeure devra tenir l'autre partie r\u00e9guli\u00e8rement inform\u00e9e par courrier \u00e9lectronique des pronostics de suppression ou de r\u00e9tablissement de ce cas de force majeure.<\/p>\n<p style=\"text-align: justify\"> OVH n'effectue aucune sauvegarde sp\u00e9cifique des donn\u00e9es stock\u00e9es sur ses serveurs. Il appartient en cons\u00e9quence au Client de prendre toutes mesures n\u00e9cessaires \u00e0 la sauvegarde de ses donn\u00e9es en cas de perte, ou de d\u00e9t\u00e9rioration des donn\u00e9es confi\u00e9es, quelle qu'en soit la cause, y compris celles non express\u00e9ment vis\u00e9es par les pr\u00e9sentes.<\/p>\n<\/div>\n<\/div><\/div><\/div><\/div><\/div><div id=\"pg-1954-1\"  class=\"panel-grid panel-has-style\" ><div style=\"padding: 50px 0; \" class=\"panel-row-style panel-row-style-for-1954-1\" ><div id=\"pgc-1954-1-0\"  class=\"panel-grid-cell\" ><div id=\"panel-1954-1-0-0\" class=\"so-panel widget widget_sow-editor panel-first-child panel-last-child\" data-index=\"1\" ><div\n\t\t\t\n\t\t\tclass=\"so-widget-sow-editor so-widget-sow-editor-base\"\n\t\t\t\n\t\t><h3 class=\"widget-title\">TARIFS<\/h3>\n<div class=\"siteorigin-widget-tinymce textwidget\">\n\t<head>\n<style>\np.ex1 {\n    margin-bottom: 30px;\n    text-align: justify;\n}\np.ex2 {\n    margin-top: 10px;\n    margin-left: 30px;\n    text-align: justify;\n}\n <\/style>\n<\/head>\n\n<body>\n<p style=\"text-align: justify\">Les prestations fournies par GGS sont payables \u00e0 la commande. Le client est seul responsable du paiement de l'ensemble des sommes dues au titre de prestations de services GGS. De convention expresse et sauf report sollicit\u00e9 \u00e0 temps et accord\u00e9 par GGS de mani\u00e8re particuli\u00e8re et \u00e9crite, le d\u00e9faut total ou partiel de paiement \u00e0 l'\u00e9ch\u00e9ance de toute somme due au titre du contrat entra\u00eenera de plein droit et sans mise en demeure pr\u00e9alable: <\/p>\n<p class=\"ex2\"> \u00b7 l'exigibilit\u00e9 imm\u00e9diate de toutes les sommes restant dues par le client au titre du contrat, quel que soit le mode de r\u00e8glement pr\u00e9vu ; <\/p>\n<p class=\"ex2\">\u00b7 la suspension de toutes les prestations en cours, quelle que soit leur nature, sans pr\u00e9judice pour GGS d'user de la facult\u00e9 de r\u00e9siliation du contrat; <\/p>\n<p class=\"ex2\">\u00b7 l'impossibilit\u00e9 de souscrire de nouvelles prestations; <\/p>\n<p class=\"ex2\">\u00b7 l'application d'un int\u00e9r\u00eat \u00e0 un taux \u00e9gal \u00e0 1.5 fois le taux d\u2019int\u00e9r\u00eat l\u00e9gal en vigueur en France <\/p>\n<p class=\"ex1\"> Le client, ayant la qualit\u00e9 de professionnel, en situation de retard de paiement est de plein droit d\u00e9biteur, \u00e0 l'\u00e9gard de GGS, d'une indemnit\u00e9 forfaitaire pour frais de recouvrement \u00e0 hauteur de 40\u20ac, en application de la loi 2012-387 du 22 mars 2012. <\/p>\n<\/body><\/div>\n<\/div><\/div><\/div><\/div><\/div><div id=\"pg-1954-2\"  class=\"panel-grid panel-has-style\" ><div style=\"padding: 50px 0; \" class=\"panel-row-style panel-row-style-for-1954-2\" ><div id=\"pgc-1954-2-0\"  class=\"panel-grid-cell\" ><div id=\"panel-1954-2-0-0\" class=\"so-panel widget widget_sow-editor panel-first-child panel-last-child\" data-index=\"2\" ><div\n\t\t\t\n\t\t\tclass=\"so-widget-sow-editor so-widget-sow-editor-base\"\n\t\t\t\n\t\t><h3 class=\"widget-title\">ANNULATION ET REMPLACEMENT<\/h3>\n<div class=\"siteorigin-widget-tinymce textwidget\">\n\t<head>\n<style>\np.ex1 {\n    margin-bottom: 30px;\n    text-align: justify;\n}\ndiv.ex2{\n    margin-top:10px;\n    margin-left:50px;\n    margin-right:50px;\n    text-align:center;\n}\ntable{\n    text-align:center;\n    border:0px;\n    border-collapse:collapse;\n    width:50%;\n    margin-left:25%;\n}\n\ntr.border_bottom td {\n  border-bottom:1pt solid black;\n}\n <\/style>\n<\/head>\n\n<body>\n<p class=\"ex1\"> Le client peut annuler une commande effectu\u00e9e aupr\u00e8s de GGS \u00e0 tout moment en envoyant un courriel \u00e0 contact@greengrowscience.fr \u00e0 partir de l'adresse de messagerie \u00e9lectronique communiqu\u00e9e au moment de la commande. En fonction de l'\u00e9tat d'avancement de la commande, une retenue de 0%, 25%, 50%, 75% ou 100% du montant vers\u00e9 sera effectu\u00e9e selon le bar\u00e8me suivant: <\/p>\n<div class=\"ex2\"> \n<table>\n<tr class=\"border_bottom\">\n    <td style=\"border-left:0px; border-right:0px; border-top:0px; border-bottom: thin solid; text-align: right;\">\u00c9tat d'avancement de la commande <\/td>\n    <td style=\"border-left:0px; border-right:0px; border-top:0px; border-bottom: thin solid; text-align: right;\">  <\/td> \n    <td style=\"border-left:0px; border-right:0px; border-top:0px; border-bottom: thin solid; text-align: right;\">Retenue<\/td>\n    <td style=\"border-left:0px; border-right:0px; border-top:0px; border-bottom: thin solid; text-align: right;\">&nbsp; &nbsp; &nbsp;&nbsp; &nbsp; &nbsp;&nbsp; &nbsp; &nbsp;&nbsp; &nbsp; &nbsp;<\/td>  \n  <\/tr>\n <tr style=\"border: 0px\">\n    <td style=\"border: 0px; text-align: right;\">En pr\u00e9paration, 0 h de travail <\/td>\n    <td style=\"border: 0px\"> <\/td>\n    <td style=\"border: 0px; text-align: right;\">0%<\/td>\n    <td style=\"border: 0px\"> &nbsp; &nbsp; &nbsp;&nbsp; &nbsp; &nbsp;&nbsp; &nbsp; &nbsp;&nbsp; &nbsp; &nbsp;<\/td>\n  <\/tr>\n<tr style=\"border: 0px\">\n    <td style=\"border: 0px\"> \u00a0<\/td> \n    <td style=\"border: 0px\"> <\/td>\n    <td style=\"border: 0px\"><\/td> \n    <td style=\"border: 0px\"> <\/td>\n  <\/tr>\n<tr style=\"border: 0px\">\n    <td style=\"border: 0px; text-align: right;\">En cours, moins de 2 h de travail<\/td> \n    <td style=\"border: 0px\"> <\/td>\n    <td style=\"border: 0px; text-align: right;\"> 25%<\/td> \n    <td style=\"border: 0px\"> <\/td>\n  <\/tr>\n<tr style=\"border: 0px\"> \n    <td style=\"border: 0px\"> \u00a0<\/td> \n    <td style=\"border: 0px\"> <\/td>\n    <td style=\"border: 0px; text-align: right;\"><\/td> \n    <td style=\"border: 0px\"> <\/td>\n  <\/tr>\n  <tr style=\"border: 0px\">\n    <td style=\"border: 0px; text-align: right;\">Moins de 4 h de travail <\/td>\n    <td style=\"border: 0px\">  <\/td> \n    <td style=\"border: 0px; text-align: right;\"> 50% <\/td>\n    <td style=\"border: 0px\"> <\/td>\n  <\/tr>\n<tr style=\"border: 0px\">\n    <td style=\"border: 0px\"> \u00a0<\/td> \n    <td style=\"border: 0px\"> <\/td>\n    <td style=\"border: 0px; \"><\/td> \n    <td style=\"border: 0px\"> <\/td>\n  <\/tr>\n<tr style=\"border: 0px\">\n    <td style=\"border: 0px; text-align: right;\">Moins de 6 h de travail <\/td> \n    <td style=\"border: 0px\"> <\/td>\n    <td style=\"border: 0px; text-align: right;\">75%<\/td> \n    <td style=\"border: 0px\"> <\/td>\n  <\/tr>\n<tr style=\"border: 0px\">\n    <td style=\"border: 0px\"> \u00a0<\/td> \n    <td style=\"border: 0px\"> <\/td>\n    <td style=\"border: 0px\"><\/td> \n    <td style=\"border: 0px\"> <\/td>\n  <\/tr>\n<tr style=\"border: 0px\">\n    <td style=\"border: 0px; text-align: right;\">Plus de 6 h de travail ou travail achev\u00e9 <\/td>\n    <td style=\"border: 0px\">  <\/td> \n    <td style=\"border: 0px; text-align: right;\">100%<\/td>\n    <td style=\"border: 0px\"><\/td>  \n  <\/tr>\n<tr style=\"border: 0px\">\n    <td style=\"border: 0px\"> \u00a0<\/td> \n    <td style=\"border: 0px\"> <\/td>\n    <td style=\"border: 0px\"><\/td> \n    <td style=\"border: 0px\"> <\/td>\n  <\/tr>\n\n<\/table> \n<\/div>\n\n<p class=\"ex1\"> En cas de fichier transmis incorrect, la commande sera consid\u00e9r\u00e9e comme annul\u00e9e d\u00e8s que GGS aura \u00e9t\u00e9 inform\u00e9e de l'erreur. <\/p>\n\n<\/body><\/div>\n<\/div><\/div><\/div><\/div><\/div><\/div>","protected":false},"excerpt":{"rendered":"<p>GGS s&rsquo;engage \u00e0 apporter tout le soin et toute la diligence n\u00e9cessaires \u00e0 la fourniture d&rsquo;un service de qualit\u00e9 conform\u00e9ment aux usages de la profession et \u00e0 l&rsquo;\u00e9tat de l&rsquo;art. GGS ne r\u00e9pond que d&rsquo;une obligation de moyen. La responsabilit\u00e9 de GGS ne sera pas engag\u00e9e si l&rsquo;ex\u00e9cution de toute obligation incombant \u00e0 GGS au [&hellip;]<\/p>\n","protected":false},"author":6,"featured_media":0,"parent":0,"menu_order":0,"comment_status":"closed","ping_status":"closed","template":"page-templates\/page_front-page.php","meta":[],"_links":{"self":[{"href":"http:\/\/m.greengrowscience.fr\/index.php\/wp-json\/wp\/v2\/pages\/1954"}],"collection":[{"href":"http:\/\/m.greengrowscience.fr\/index.php\/wp-json\/wp\/v2\/pages"}],"about":[{"href":"http:\/\/m.greengrowscience.fr\/index.php\/wp-json\/wp\/v2\/types\/page"}],"author":[{"embeddable":true,"href":"http:\/\/m.greengrowscience.fr\/index.php\/wp-json\/wp\/v2\/users\/6"}],"replies":[{"embeddable":true,"href":"http:\/\/m.greengrowscience.fr\/index.php\/wp-json\/wp\/v2\/comments?post=1954"}],"version-history":[{"count":41,"href":"http:\/\/m.greengrowscience.fr\/index.php\/wp-json\/wp\/v2\/pages\/1954\/revisions"}],"predecessor-version":[{"id":1996,"href":"http:\/\/m.greengrowscience.fr\/index.php\/wp-json\/wp\/v2\/pages\/1954\/revisions\/1996"}],"wp:attachment":[{"href":"http:\/\/m.greengrowscience.fr\/index.php\/wp-json\/wp\/v2\/media?parent=1954"}],"curies":[{"name":"wp","href":"https:\/\/api.w.org\/{rel}","templated":true}]}}