{"id":2427,"date":"2017-02-14T08:34:31","date_gmt":"2017-02-14T08:34:31","guid":{"rendered":"http:\/\/greengrowscience.fr\/?page_id=2427"},"modified":"2017-07-05T13:12:14","modified_gmt":"2017-07-05T13:12:14","slug":"traduction","status":"publish","type":"page","link":"http:\/\/m.greengrowscience.fr\/index.php\/traduction\/","title":{"rendered":"traduction"},"content":{"rendered":"<div id=\"pl-2427\"  class=\"panel-layout\" ><div id=\"pg-2427-0\"  class=\"panel-grid panel-has-style\" ><div class=\"siteorigin-panels-stretch sydney-stretch panel-row-style panel-row-style-for-2427-0\" style=\"padding: 5px 0; \" data-stretch-type=\"full\" ><div id=\"pgc-2427-0-0\"  class=\"panel-grid-cell\" ><div id=\"panel-2427-0-0-0\" class=\"so-panel widget widget_sow-image panel-first-child panel-last-child\" data-index=\"0\" ><div\n\t\t\t\n\t\t\tclass=\"so-widget-sow-image so-widget-sow-image-default-c67d20f9f743-2427\"\n\t\t\t\n\t\t>\n<div class=\"sow-image-container\">\n\t\t<img \n\tsrc=\"http:\/\/m.greengrowscience.fr\/wp-content\/uploads\/2015\/11\/editor_at_desk-300x273.png\" width=\"300\" height=\"273\" srcset=\"http:\/\/m.greengrowscience.fr\/wp-content\/uploads\/2015\/11\/editor_at_desk-300x273.png 300w, http:\/\/m.greengrowscience.fr\/wp-content\/uploads\/2015\/11\/editor_at_desk-230x209.png 230w, http:\/\/m.greengrowscience.fr\/wp-content\/uploads\/2015\/11\/editor_at_desk-350x319.png 350w, http:\/\/m.greengrowscience.fr\/wp-content\/uploads\/2015\/11\/editor_at_desk.png 400w\" sizes=\"(max-width: 300px) 100vw, 300px\" alt=\"Editor at desk\" loading=\"lazy\" \t\tclass=\"so-widget-image\"\/>\n\t<\/div>\n\n<\/div><\/div><\/div><\/div><\/div><div id=\"pg-2427-1\"  class=\"panel-grid panel-has-style\" ><div style=\"padding: 5px 0; \" class=\"panel-row-style panel-row-style-for-2427-1\" ><div id=\"pgc-2427-1-0\"  class=\"panel-grid-cell\" ><div id=\"panel-2427-1-0-0\" class=\"so-panel widget widget_sydney_services_type_a sydney_services_widget panel-first-child panel-last-child\" data-index=\"1\" >\t\t\t<h3 class=\"widget-title\">Traduction<\/h3>\n\t\t\t\t\t\t\t\t\t\t\t\t\t\t\t\t\t\t\t\t\t\t\t\t\t\t\t\t\t<div class=\"service col-md-6\">\n\t\t\t\t\t\t\t\t\t\t\t\t\t<div class=\"roll-icon-box\">\n\t\t\t\t\t\t\t\t\t\t\t\n\t\t\t\t\t\t\t\t\t<div class=\"icon\">\n\t\t\t\t\t\t\t\t\t\t<i class=\"fa fa-language\"><\/i>\t\t\t\t\t\t\t\t\t<\/div>\n\t\t\t\t\t\t\t\t\t\t\t\t\t\t\t\t<div class=\"content\">\n\t\t\t\t\t\t\t\t\t<h3>\n\t\t\t\t\t\t\t\t\t\t\t\t\t\t\t\t\t\t\t\t\t<a href=\"http:\/\/m.greengrowscience.fr\/index.php\/order_trans\/\">Traduction<\/a>\n\t\t\t\t\t\t\t\t\t\t\t\t\t\t\t\t\t\t\t<\/h3>\n\t\t\t\t\t\t\t\t\t<p>&#8230; du fran\u00e7ais vers l&rsquo;anglais. Articles\/ouvrages\/documents scientifiques.<\/p>\n\t\t\t\t\t\t\t\t<\/div><!--.info-->\t\n\t\t\t\t\t\t\t<\/div>\n\t\t\t\t\t\t<\/div>\n\t\t\t\t\t\t\t\t\t\t\t\t\t\t\t\t\t\t\t\t\t\t\t\t\t\t\t\t\t<div class=\"service col-md-6\">\n\t\t\t\t\t\t\t\t\t\t\t\t\t<div class=\"roll-icon-box\">\n\t\t\t\t\t\t\t\t\t\t\t\n\t\t\t\t\t\t\t\t\t<div class=\"icon\">\n\t\t\t\t\t\t\t\t\t\t<i class=\"fa fa-edit\"><\/i>\t\t\t\t\t\t\t\t\t<\/div>\n\t\t\t\t\t\t\t\t\t\t\t\t\t\t\t\t<div class=\"content\">\n\t\t\t\t\t\t\t\t\t<h3>\n\t\t\t\t\t\t\t\t\t\t\t\t\t\t\t\t\t\t\t\t\t<a href=\"http:\/\/m.greengrowscience.fr\/index.php\/order_transed\/\">Traduction+<\/a>\n\t\t\t\t\t\t\t\t\t\t\t\t\t\t\t\t\t\t\t<\/h3>\n\t\t\t\t\t\t\t\t\t<p>Le plus \u00e9tant une mise aux normes \u00e9ditoriales et stylistiques de l&rsquo;article, une cover letter et des conseils de r\u00e9daction.<\/p>\n\t\t\t\t\t\t\t\t<\/div><!--.info-->\t\n\t\t\t\t\t\t\t<\/div>\n\t\t\t\t\t\t<\/div>\n\t\t\t\t\t\n\t\t\t\t\t\t\t\t\t<a href=\"http:\/\/greengrowscience.fr\/index.php\/order_trans\" class=\"roll-button more-button\">\n\t\t\t\t\t\t\t\t\t\t\t\t\tCOMMANDER\t\t\t\t\t\t\t\t\t\t\t<\/a>\n\t\t\t\t\t\t\t\t\n\t<\/div><\/div><\/div><\/div><div id=\"pg-2427-2\"  class=\"panel-grid panel-has-style\" ><div style=\"padding: 100px 0; \" class=\"panel-row-style panel-row-style-for-2427-2\" ><div id=\"pgc-2427-2-0\"  class=\"panel-grid-cell panel-grid-cell-empty\" ><\/div><\/div><\/div><\/div>","protected":false},"excerpt":{"rendered":"<p>Traduction Traduction &#8230; du fran\u00e7ais vers l&rsquo;anglais. Articles\/ouvrages\/documents scientifiques. Traduction+ Le plus \u00e9tant une mise aux normes \u00e9ditoriales et stylistiques de l&rsquo;article, une cover letter et des conseils de r\u00e9daction. COMMANDER<\/p>\n","protected":false},"author":6,"featured_media":0,"parent":0,"menu_order":0,"comment_status":"closed","ping_status":"closed","template":"page-templates\/page_front-page.php","meta":[],"_links":{"self":[{"href":"http:\/\/m.greengrowscience.fr\/index.php\/wp-json\/wp\/v2\/pages\/2427"}],"collection":[{"href":"http:\/\/m.greengrowscience.fr\/index.php\/wp-json\/wp\/v2\/pages"}],"about":[{"href":"http:\/\/m.greengrowscience.fr\/index.php\/wp-json\/wp\/v2\/types\/page"}],"author":[{"embeddable":true,"href":"http:\/\/m.greengrowscience.fr\/index.php\/wp-json\/wp\/v2\/users\/6"}],"replies":[{"embeddable":true,"href":"http:\/\/m.greengrowscience.fr\/index.php\/wp-json\/wp\/v2\/comments?post=2427"}],"version-history":[{"count":12,"href":"http:\/\/m.greengrowscience.fr\/index.php\/wp-json\/wp\/v2\/pages\/2427\/revisions"}],"predecessor-version":[{"id":2532,"href":"http:\/\/m.greengrowscience.fr\/index.php\/wp-json\/wp\/v2\/pages\/2427\/revisions\/2532"}],"wp:attachment":[{"href":"http:\/\/m.greengrowscience.fr\/index.php\/wp-json\/wp\/v2\/media?parent=2427"}],"curies":[{"name":"wp","href":"https:\/\/api.w.org\/{rel}","templated":true}]}}